{"id":17,"date":"2023-05-22T18:53:11","date_gmt":"2023-05-22T21:53:11","guid":{"rendered":"https:\/\/noticiatotal.net\/?page_id=17"},"modified":"2023-06-22T23:25:21","modified_gmt":"2023-06-23T02:25:21","slug":"politica-de-privacidade-2","status":"publish","type":"page","link":"https:\/\/noticiatotal.net\/index.php\/politica-de-privacidade-2\/","title":{"rendered":"Pol\u00edtica de privacidade"},"content":{"rendered":"<p><span style=\"font-family: arial, helvetica, sans-serif;\"><\/span><\/p>\r\n<header class=\"entry-header ast-no-thumbnail ast-no-meta\">\r\n<h1 class=\"entry-title wp-block-heading\"><span style=\"font-family: arial, helvetica, sans-serif;\">Pol\u00edtica de Privacidade<\/span><\/h1>\r\n<\/header>\r\n<div class=\"entry-content clear\">\r\n<p>&nbsp;<\/p>\r\n<p><span style=\"font-family: arial, helvetica, sans-serif;\"><strong>Quem somos<\/strong><\/span><\/p>\r\n<p>&nbsp;<\/p>\r\n<p><span style=\"font-family: arial, helvetica, sans-serif;\">Somos um site que disponibiliza conte\u00fado de informa\u00e7\u00e3o e not\u00edcias. Para nos conhecer melhor, acesse o endere\u00e7o do nosso site: <a href=\"https:\/\/noticiatotal.net\/\">https:\/\/noticiatotal.net\/<\/a><\/span><\/p>\r\n<p>&nbsp;<\/p>\r\n<p><span style=\"font-family: arial, helvetica, sans-serif;\"><strong>Quais dados pessoais coletamos e porque<\/strong><\/span><\/p>\r\n<p>&nbsp;<\/p>\r\n<ul>\r\n<li><span style=\"font-family: arial, helvetica, sans-serif;\"><strong>Coment\u00e1rios<\/strong><\/span><\/li>\r\n<\/ul>\r\n<p><span style=\"font-family: arial, helvetica, sans-serif;\">Ao coletar coment\u00e1rios no nosso site coletamos o endere\u00e7o de IP e dados referente ao navegado do usu\u00e1rio, com intuito de detectar Spam.<\/span><\/p>\r\n<p>&nbsp;<\/p>\r\n<p>&nbsp;<\/p>\r\n<ul>\r\n<li><span style=\"font-family: arial, helvetica, sans-serif;\"><strong>M\u00eddia<\/strong><\/span><\/li>\r\n<\/ul>\r\n<p>&nbsp;<\/p>\r\n<p><span style=\"font-family: arial, helvetica, sans-serif;\">Este site usa imagens e v\u00eddeos de terceiros, contudo, todos as m\u00eddias que n\u00e3o s\u00e3o autorais, ser\u00e3o devidamente referenciadas. Visitantes podem usar imagens presentes nos conte\u00fados do site.<\/span><\/p>\r\n<p>&nbsp;<\/p>\r\n<ul>\r\n<li><span style=\"font-family: arial, helvetica, sans-serif;\"><strong>Formul\u00e1rios de contato<\/strong><\/span><\/li>\r\n<\/ul>\r\n<p><span style=\"font-family: arial, helvetica, sans-serif;\">N\u00e3o compartilhamos informa\u00e7\u00f5es deixadas atrav\u00e9s do formul\u00e1rio de contato. Utilizamos essas informa\u00e7\u00f5es apenas com intuito de deixar o leitor informado de qualquer novidade.<\/span><\/p>\r\n<p>&nbsp;<\/p>\r\n<ul>\r\n<li><span style=\"font-family: arial, helvetica, sans-serif;\"><strong>Cookies<\/strong><\/span><\/li>\r\n<\/ul>\r\n<p>&nbsp;<\/p>\r\n<p><span style=\"font-family: arial, helvetica, sans-serif;\">Quando voc\u00ea deixar um coment\u00e1rio em nosso site, voc\u00ea poder\u00e1 escolher se deseja deixar seus dados salvos, para quando entrar na pr\u00f3xima vez n\u00e3o precisar preenche-los novamente.\u00a0\u00a0<\/span><\/p>\r\n<p>&nbsp;<\/p>\r\n<p>&nbsp;<\/p>\r\n<ul>\r\n<li><span style=\"font-family: arial, helvetica, sans-serif;\"><strong>M\u00eddia incorporada de outros sites<\/strong><\/span><\/li>\r\n<\/ul>\r\n<p>&nbsp;<\/p>\r\n<p><span style=\"font-family: arial, helvetica, sans-serif;\">Neste site os artigos por vezes est\u00e3o incorporados, como v\u00eddeos, imagens, artigos e etc. Ou seja, conte\u00fados incorporados de outros sites apresentam o mesmo comportamento, como se o visitante estivesse no site do conte\u00fado de origem.\u00a0<\/span><\/p>\r\n<p><span style=\"font-family: arial, helvetica, sans-serif;\">Podendo estes sites ter acessos a dados sobre voc\u00ea, usar cookies, al\u00e9m de monitorar suas intera\u00e7\u00f5es com os conte\u00fados incorporados.\u00a0<\/span><\/p>\r\n<p><span style=\"font-family: arial, helvetica, sans-serif;\"><strong>An\u00e1lises<\/strong><\/span><\/p>\r\n<p><span style=\"font-family: arial, helvetica, sans-serif;\">Para realizar analise de acesso neste site, usamos o Google Analytics.<\/span><\/p>\r\n<p><span style=\"font-family: arial, helvetica, sans-serif;\"><strong>Com quem partilhamos seus dados<\/strong><\/span><\/p>\r\n<p><span style=\"font-family: arial, helvetica, sans-serif;\">N\u00f3s n\u00e3o compartilhamos qualquer tipo de dados com terceiros.<\/span><\/p>\r\n<p><span style=\"font-family: arial, helvetica, sans-serif;\"><strong>Por quanto tempo mantemos os seus dados<\/strong><\/span><\/p>\r\n<p><span style=\"font-family: arial, helvetica, sans-serif;\">Os coment\u00e1rios deixados em nosso site, assim como os metadados permanecer\u00e3o conservados por tempo indefinido. Isso \u00e9 feito para que seja reconhecido e aprovado automaticamente coment\u00e1rios que apare\u00e7am posteriormente, ao inv\u00e9s de serem enviados para modera\u00e7\u00e3o.\u00a0<\/span><\/p>\r\n<p><span style=\"font-family: arial, helvetica, sans-serif;\">Caso haja usu\u00e1rio registrado em nosso site, suas informa\u00e7\u00e3o pessoais tamb\u00e9m ser\u00e3o guardadas. Podendo o usu\u00e1rio ver, editar ou ainda excluir suas informa\u00e7\u00f5es a qualquer momento, ficando restrito apenas a altera\u00e7\u00e3o do username. Administradores do site tamb\u00e9m podem alterar estas informa\u00e7\u00f5es.\u00a0<\/span><\/p>\r\n<p><span style=\"font-family: arial, helvetica, sans-serif;\"><strong>Quais os seus direitos sobre seus dados<\/strong><\/span><\/p>\r\n<p><span style=\"font-family: arial, helvetica, sans-serif;\">Caso voc\u00ea tenha deixado coment\u00e1rios ou possua conta neste site, o usu\u00e1rio pode fazer a solicita\u00e7\u00e3o para exortar seus dados pessoais, aqueles que mantemos sobre voc\u00ea, incluindo todo e qualquer dado que tenha nos fornecido. Podendo, al\u00e9m disso, solicitar que qualquer dado pessoal seu mantido por n\u00f3s seja removido. Lembrando que isso n\u00e3o inclui dados que mantemos para fins administrativos, legais ou de seguran\u00e7a.\u00a0<\/span><\/p>\r\n<p><span style=\"font-family: arial, helvetica, sans-serif;\"><strong>Para onde enviamos seus dados<\/strong><\/span><\/p>\r\n<p><span style=\"font-family: arial, helvetica, sans-serif;\">Coment\u00e1rios de visitantes podem ser marcados por um servi\u00e7o autom\u00e1tico de detec\u00e7\u00e3o de spam.<\/span><\/p>\r\n<p><span style=\"font-family: arial, helvetica, sans-serif;\"><strong>Suas informa\u00e7\u00f5es de contato<\/strong><\/span><\/p>\r\n<p><span style=\"font-family: arial, helvetica, sans-serif;\">Em caso de d\u00favida entre em contato conosco atrav\u00e9s de e-mail: noticiatotalnews@gmail.com<\/span><\/p>\r\n<\/div>\r\n<p><span style=\"font-family: arial, helvetica, sans-serif;\"><\/span><\/p>","protected":false},"excerpt":{"rendered":"<p>Pol\u00edtica de Privacidade &nbsp; Quem somos &nbsp; Somos um site que disponibiliza conte\u00fado de informa\u00e7\u00e3o e not\u00edcias. Para nos conhecer melhor, acesse o endere\u00e7o do nosso site: https:\/\/noticiatotal.net\/ &nbsp; Quais dados pessoais coletamos e porque &nbsp; Coment\u00e1rios Ao coletar coment\u00e1rios no nosso site coletamos o endere\u00e7o de IP e dados referente ao navegado do usu\u00e1rio, &hellip;<\/p>\n<p class=\"read-more\"> <a class=\"\" href=\"https:\/\/noticiatotal.net\/index.php\/politica-de-privacidade-2\/\"> <span class=\"screen-reader-text\">Pol\u00edtica de privacidade<\/span> Leia mais &raquo;<\/a><\/p>\n","protected":false},"author":1,"featured_media":0,"parent":0,"menu_order":0,"comment_status":"closed","ping_status":"closed","template":"","meta":{"site-sidebar-layout":"default","site-content-layout":"default","ast-global-header-display":"","ast-banner-title-visibility":"","ast-main-header-display":"","ast-hfb-above-header-display":"","ast-hfb-below-header-display":"","ast-hfb-mobile-header-display":"","site-post-title":"","ast-breadcrumbs-content":"","ast-featured-img":"","footer-sml-layout":"","theme-transparent-header-meta":"default","adv-header-id-meta":"","stick-header-meta":"","header-above-stick-meta":"","header-main-stick-meta":"","header-below-stick-meta":"","footnotes":""},"class_list":["post-17","page","type-page","status-publish","hentry"],"yoast_head":"<!-- This site is optimized with the Yoast SEO plugin v21.5 - https:\/\/yoast.com\/wordpress\/plugins\/seo\/ -->\n<title>Pol\u00edtica de privacidade - NOTICIA TOTAL<\/title>\n<meta name=\"robots\" content=\"index, follow, max-snippet:-1, max-image-preview:large, max-video-preview:-1\" \/>\n<link rel=\"canonical\" href=\"https:\/\/noticiatotal.net\/index.php\/politica-de-privacidade-2\/\" \/>\n<meta property=\"og:locale\" content=\"pt_BR\" \/>\n<meta property=\"og:type\" content=\"article\" \/>\n<meta property=\"og:title\" content=\"Pol\u00edtica de privacidade - NOTICIA TOTAL\" \/>\n<meta property=\"og:description\" content=\"Pol\u00edtica de Privacidade &nbsp; Quem somos &nbsp; Somos um site que disponibiliza conte\u00fado de informa\u00e7\u00e3o e not\u00edcias. Para nos conhecer melhor, acesse o endere\u00e7o do nosso site: https:\/\/noticiatotal.net\/ &nbsp; Quais dados pessoais coletamos e porque &nbsp; Coment\u00e1rios Ao coletar coment\u00e1rios no nosso site coletamos o endere\u00e7o de IP e dados referente ao navegado do usu\u00e1rio, &hellip; Pol\u00edtica de privacidade Leia mais &raquo;\" \/>\n<meta property=\"og:url\" content=\"https:\/\/noticiatotal.net\/index.php\/politica-de-privacidade-2\/\" \/>\n<meta property=\"og:site_name\" content=\"NOTICIA TOTAL\" \/>\n<meta property=\"article:modified_time\" content=\"2023-06-23T02:25:21+00:00\" \/>\n<meta name=\"twitter:card\" content=\"summary_large_image\" \/>\n<meta name=\"twitter:label1\" content=\"Est. tempo de leitura\" \/>\n\t<meta name=\"twitter:data1\" content=\"3 minutos\" \/>\n<script type=\"application\/ld+json\" class=\"yoast-schema-graph\">{\"@context\":\"https:\/\/schema.org\",\"@graph\":[{\"@type\":\"WebPage\",\"@id\":\"https:\/\/noticiatotal.net\/index.php\/politica-de-privacidade-2\/\",\"url\":\"https:\/\/noticiatotal.net\/index.php\/politica-de-privacidade-2\/\",\"name\":\"Pol\u00edtica de privacidade - NOTICIA TOTAL\",\"isPartOf\":{\"@id\":\"https:\/\/noticiatotal.net\/#website\"},\"datePublished\":\"2023-05-22T21:53:11+00:00\",\"dateModified\":\"2023-06-23T02:25:21+00:00\",\"breadcrumb\":{\"@id\":\"https:\/\/noticiatotal.net\/index.php\/politica-de-privacidade-2\/#breadcrumb\"},\"inLanguage\":\"pt-BR\",\"potentialAction\":[{\"@type\":\"ReadAction\",\"target\":[\"https:\/\/noticiatotal.net\/index.php\/politica-de-privacidade-2\/\"]}]},{\"@type\":\"BreadcrumbList\",\"@id\":\"https:\/\/noticiatotal.net\/index.php\/politica-de-privacidade-2\/#breadcrumb\",\"itemListElement\":[{\"@type\":\"ListItem\",\"position\":1,\"name\":\"In\u00edcio\",\"item\":\"https:\/\/noticiatotal.net\/\"},{\"@type\":\"ListItem\",\"position\":2,\"name\":\"Pol\u00edtica de privacidade\"}]},{\"@type\":\"WebSite\",\"@id\":\"https:\/\/noticiatotal.net\/#website\",\"url\":\"https:\/\/noticiatotal.net\/\",\"name\":\"NOTICIA TOTAL\",\"description\":\"noticiatotal.net\",\"potentialAction\":[{\"@type\":\"SearchAction\",\"target\":{\"@type\":\"EntryPoint\",\"urlTemplate\":\"https:\/\/noticiatotal.net\/?s={search_term_string}\"},\"query-input\":\"required name=search_term_string\"}],\"inLanguage\":\"pt-BR\"}]}<\/script>\n<!-- \/ Yoast SEO plugin. -->","yoast_head_json":{"title":"Pol\u00edtica de privacidade - NOTICIA TOTAL","robots":{"index":"index","follow":"follow","max-snippet":"max-snippet:-1","max-image-preview":"max-image-preview:large","max-video-preview":"max-video-preview:-1"},"canonical":"https:\/\/noticiatotal.net\/index.php\/politica-de-privacidade-2\/","og_locale":"pt_BR","og_type":"article","og_title":"Pol\u00edtica de privacidade - NOTICIA TOTAL","og_description":"Pol\u00edtica de Privacidade &nbsp; Quem somos &nbsp; Somos um site que disponibiliza conte\u00fado de informa\u00e7\u00e3o e not\u00edcias. Para nos conhecer melhor, acesse o endere\u00e7o do nosso site: https:\/\/noticiatotal.net\/ &nbsp; Quais dados pessoais coletamos e porque &nbsp; Coment\u00e1rios Ao coletar coment\u00e1rios no nosso site coletamos o endere\u00e7o de IP e dados referente ao navegado do usu\u00e1rio, &hellip; Pol\u00edtica de privacidade Leia mais &raquo;","og_url":"https:\/\/noticiatotal.net\/index.php\/politica-de-privacidade-2\/","og_site_name":"NOTICIA TOTAL","article_modified_time":"2023-06-23T02:25:21+00:00","twitter_card":"summary_large_image","twitter_misc":{"Est. tempo de leitura":"3 minutos"},"schema":{"@context":"https:\/\/schema.org","@graph":[{"@type":"WebPage","@id":"https:\/\/noticiatotal.net\/index.php\/politica-de-privacidade-2\/","url":"https:\/\/noticiatotal.net\/index.php\/politica-de-privacidade-2\/","name":"Pol\u00edtica de privacidade - NOTICIA TOTAL","isPartOf":{"@id":"https:\/\/noticiatotal.net\/#website"},"datePublished":"2023-05-22T21:53:11+00:00","dateModified":"2023-06-23T02:25:21+00:00","breadcrumb":{"@id":"https:\/\/noticiatotal.net\/index.php\/politica-de-privacidade-2\/#breadcrumb"},"inLanguage":"pt-BR","potentialAction":[{"@type":"ReadAction","target":["https:\/\/noticiatotal.net\/index.php\/politica-de-privacidade-2\/"]}]},{"@type":"BreadcrumbList","@id":"https:\/\/noticiatotal.net\/index.php\/politica-de-privacidade-2\/#breadcrumb","itemListElement":[{"@type":"ListItem","position":1,"name":"In\u00edcio","item":"https:\/\/noticiatotal.net\/"},{"@type":"ListItem","position":2,"name":"Pol\u00edtica de privacidade"}]},{"@type":"WebSite","@id":"https:\/\/noticiatotal.net\/#website","url":"https:\/\/noticiatotal.net\/","name":"NOTICIA TOTAL","description":"noticiatotal.net","potentialAction":[{"@type":"SearchAction","target":{"@type":"EntryPoint","urlTemplate":"https:\/\/noticiatotal.net\/?s={search_term_string}"},"query-input":"required name=search_term_string"}],"inLanguage":"pt-BR"}]}},"amp_enabled":true,"_links":{"self":[{"href":"https:\/\/noticiatotal.net\/index.php\/wp-json\/wp\/v2\/pages\/17","targetHints":{"allow":["GET"]}}],"collection":[{"href":"https:\/\/noticiatotal.net\/index.php\/wp-json\/wp\/v2\/pages"}],"about":[{"href":"https:\/\/noticiatotal.net\/index.php\/wp-json\/wp\/v2\/types\/page"}],"author":[{"embeddable":true,"href":"https:\/\/noticiatotal.net\/index.php\/wp-json\/wp\/v2\/users\/1"}],"replies":[{"embeddable":true,"href":"https:\/\/noticiatotal.net\/index.php\/wp-json\/wp\/v2\/comments?post=17"}],"version-history":[{"count":3,"href":"https:\/\/noticiatotal.net\/index.php\/wp-json\/wp\/v2\/pages\/17\/revisions"}],"predecessor-version":[{"id":343,"href":"https:\/\/noticiatotal.net\/index.php\/wp-json\/wp\/v2\/pages\/17\/revisions\/343"}],"wp:attachment":[{"href":"https:\/\/noticiatotal.net\/index.php\/wp-json\/wp\/v2\/media?parent=17"}],"curies":[{"name":"wp","href":"https:\/\/api.w.org\/{rel}","templated":true}]}}